{"id":2040,"date":"2025-03-13T09:37:11","date_gmt":"2025-03-13T09:37:11","guid":{"rendered":"https:\/\/unkraut.berlin\/?page_id=2040"},"modified":"2025-03-13T09:43:15","modified_gmt":"2025-03-13T09:43:15","slug":"impressum","status":"publish","type":"page","link":"https:\/\/unkraut.berlin\/?page_id=2040","title":{"rendered":"Impressum"},"content":{"rendered":"\t\t<div data-elementor-type=\"wp-page\" data-elementor-id=\"2040\" class=\"elementor elementor-2040\" data-elementor-post-type=\"page\">\n\t\t\t\t<div class=\"elementor-element elementor-element-1d1a3a6 e-con-full e-flex e-con e-parent\" data-id=\"1d1a3a6\" data-element_type=\"container\" data-e-type=\"container\">\n\t\t<div class=\"elementor-element elementor-element-51a7372 e-con-full e-flex e-con e-child\" data-id=\"51a7372\" data-element_type=\"container\" data-e-type=\"container\">\n\t\t\t\t<div class=\"elementor-element elementor-element-3073f6f elementor-widget elementor-widget-heading\" data-id=\"3073f6f\" data-element_type=\"widget\" data-e-type=\"widget\" data-widget_type=\"heading.default\">\n\t\t\t\t<div class=\"elementor-widget-container\">\n\t\t\t\t\t<h2 class=\"elementor-heading-title elementor-size-default\">Impressum<\/h2>\t\t\t\t<\/div>\n\t\t\t\t<\/div>\n\t\t\t\t<\/div>\n\t\t<div class=\"elementor-element elementor-element-f5fda9d e-con-full e-flex e-con e-child\" data-id=\"f5fda9d\" data-element_type=\"container\" data-e-type=\"container\">\n\t\t\t\t<\/div>\n\t\t\t\t<\/div>\n\t\t<div class=\"elementor-element elementor-element-4204d38 e-flex e-con-boxed e-con e-parent\" data-id=\"4204d38\" data-element_type=\"container\" data-e-type=\"container\">\n\t\t\t\t\t<div class=\"e-con-inner\">\n\t\t<div class=\"elementor-element elementor-element-081df27 e-con-full e-flex e-con e-child\" data-id=\"081df27\" data-element_type=\"container\" data-e-type=\"container\">\n\t\t\t\t<div class=\"elementor-element elementor-element-12c5973 elementor-widget elementor-widget-text-editor\" data-id=\"12c5973\" data-element_type=\"widget\" data-e-type=\"widget\" data-widget_type=\"text-editor.default\">\n\t\t\t\t<div class=\"elementor-widget-container\">\n\t\t\t\t\t\t\t\t\t<p><span style=\"font-weight: 400;\">Unkraut Kollektiv Gemeinn\u00fctzigkeit e.V.<\/span><\/p><p><span style=\"font-weight: 400;\">Karl-Marx-Str. 17<\/span><\/p><p><span style=\"font-weight: 400;\">12043 Berlin<\/span><\/p><p>\u00a0<\/p><p><span style=\"font-weight: 400;\">Rechtsform<\/span><\/p><p>\u00a0<\/p><p><span style=\"font-weight: 400;\">Eingetragener Verein<\/span><\/p><p><span style=\"font-weight: 400;\">Vertreten durch: Juan Luis Tapia Rodriguez, Bernard Leon Stopak, Omer Barber<\/span><\/p><p>\u00a0<\/p><p><b>Registereintrag<\/b><\/p><p><span style=\"font-weight: 400;\">Eintragung ins Vereinsregister<\/span><\/p><p><span style=\"font-weight: 400;\">Vereinsregistergericht: AG Charlottenburg<\/span><\/p><p><span style=\"font-weight: 400;\">Registernummer: VR 39519 B<\/span><\/p><p>\u00a0<\/p><p><b>Haftung f\u00fcr Inhalte\u00a0<\/b><\/p><p><span style=\"font-weight: 400;\">Als Diensteanbieter sind wir gem\u00e4\u00df \u00a7 7 Abs.1 TMG f\u00fcr eigene Inhalte auf diesen Seiten nach den allgemeinen Gesetzen verantwortlich. Nach \u00a7\u00a7 8 bis 10 TMG sind wir als Diensteanbieter jedoch nicht verpflichtet, \u00fcbermittelte oder gespeicherte fremde Informationen zu \u00fcberwachen oder nach Umst\u00e4nden zu forschen, die auf eine rechtswidrige T\u00e4tigkeit hinweisen. Verpflichtungen zur Entfernung oder Sperrung der Nutzung von Informationen nach den allgemeinen Gesetzen bleiben hiervon unber\u00fchrt. Eine diesbez\u00fcgliche Haftung ist jedoch erst ab dem Zeitpunkt der Kenntnis einer konkreten Rechtsverletzung m\u00f6glich. Bei Bekanntwerden von entsprechenden Rechtsverletzungen werden wir diese Inhalte umgehend entfernen.\u00a0<\/span><\/p><p><b>Urheberrecht\u00a0<\/b><\/p><p><span style=\"font-weight: 400;\">Die durch die Seitenbetreiber erstellten Inhalte und Werke auf diesen Seiten unterliegen dem deutschen Urheberrecht. Die Vervielf\u00e4ltigung, Bearbeitung, Verbreitung und jede Art der Verwertung au\u00dferhalb der Grenzen des Urheberrechtes bed\u00fcrfen der schriftlichen Zustimmung des jeweiligen Autors bzw. Erstellers. Downloads und Kopien dieser Seite sind nur f\u00fcr den privaten, nicht kommerziellen Gebrauch gestattet. Soweit die Inhalte auf dieser Seite nicht vom Betreiber erstellt wurden, werden die Urheberrechte Dritter beachtet. Insbesondere werden Inhalte Dritter als solche gekennzeichnet. Sollten Sie trotzdem auf eine Urheberrechtsverletzung aufmerksam werden, bitten wir um einen entsprechenden Hinweis. Bei Bekanntwerden von Rechtsverletzungen werden wir derartige Inhalte umgehend entfernen.<\/span><\/p><p><br \/><br \/><\/p>\t\t\t\t\t\t\t\t<\/div>\n\t\t\t\t<\/div>\n\t\t\t\t<\/div>\n\t\t\t\t\t<\/div>\n\t\t\t\t<\/div>\n\t\t<div class=\"elementor-element elementor-element-e932464 elementor-hidden-desktop elementor-hidden-tablet elementor-hidden-mobile e-flex e-con-boxed e-con e-parent\" data-id=\"e932464\" data-element_type=\"container\" data-e-type=\"container\">\n\t\t\t\t\t<div class=\"e-con-inner\">\n\t\t<div class=\"elementor-element elementor-element-223ee92 e-con-full e-flex e-con e-child\" data-id=\"223ee92\" data-element_type=\"container\" data-e-type=\"container\">\n\t\t\t\t<div class=\"elementor-element elementor-element-69c1bf4 elementor-widget elementor-widget-heading\" data-id=\"69c1bf4\" data-element_type=\"widget\" data-e-type=\"widget\" data-widget_type=\"heading.default\">\n\t\t\t\t<div class=\"elementor-widget-container\">\n\t\t\t\t\t<h2 class=\"elementor-heading-title elementor-size-default\">projects promoting this category\u200b<\/h2>\t\t\t\t<\/div>\n\t\t\t\t<\/div>\n\t\t\t\t<\/div>\n\t\t<div class=\"elementor-element elementor-element-47e7881 e-con-full e-flex e-con e-child\" data-id=\"47e7881\" data-element_type=\"container\" data-e-type=\"container\">\n\t\t\t\t<\/div>\n\t\t\t\t\t<\/div>\n\t\t\t\t<\/div>\n\t\t\t\t<\/div>\n\t\t","protected":false},"excerpt":{"rendered":"<p>Impressum Unkraut Kollektiv Gemeinn\u00fctzigkeit e.V. Karl-Marx-Str. 17 12043 Berlin \u00a0 Rechtsform \u00a0 Eingetragener Verein Vertreten durch: Juan Luis Tapia Rodriguez, Bernard Leon Stopak, Omer Barber \u00a0 Registereintrag Eintragung ins Vereinsregister [&hellip;]<\/p>\n","protected":false},"author":1,"featured_media":0,"parent":0,"menu_order":0,"comment_status":"closed","ping_status":"closed","template":"","meta":{"footnotes":""},"class_list":["post-2040","page","type-page","status-publish","hentry"],"acf":[],"_links":{"self":[{"href":"https:\/\/unkraut.berlin\/index.php?rest_route=\/wp\/v2\/pages\/2040","targetHints":{"allow":["GET"]}}],"collection":[{"href":"https:\/\/unkraut.berlin\/index.php?rest_route=\/wp\/v2\/pages"}],"about":[{"href":"https:\/\/unkraut.berlin\/index.php?rest_route=\/wp\/v2\/types\/page"}],"author":[{"embeddable":true,"href":"https:\/\/unkraut.berlin\/index.php?rest_route=\/wp\/v2\/users\/1"}],"replies":[{"embeddable":true,"href":"https:\/\/unkraut.berlin\/index.php?rest_route=%2Fwp%2Fv2%2Fcomments&post=2040"}],"version-history":[{"count":10,"href":"https:\/\/unkraut.berlin\/index.php?rest_route=\/wp\/v2\/pages\/2040\/revisions"}],"predecessor-version":[{"id":2057,"href":"https:\/\/unkraut.berlin\/index.php?rest_route=\/wp\/v2\/pages\/2040\/revisions\/2057"}],"wp:attachment":[{"href":"https:\/\/unkraut.berlin\/index.php?rest_route=%2Fwp%2Fv2%2Fmedia&parent=2040"}],"curies":[{"name":"wp","href":"https:\/\/api.w.org\/{rel}","templated":true}]}}