{"id":2021,"date":"2025-03-13T09:23:09","date_gmt":"2025-03-13T09:23:09","guid":{"rendered":"https:\/\/unkraut.berlin\/?page_id=2021"},"modified":"2025-03-13T09:43:40","modified_gmt":"2025-03-13T09:43:40","slug":"elementor-2021","status":"publish","type":"page","link":"https:\/\/unkraut.berlin\/?page_id=2021","title":{"rendered":"Datenschutzerkl\u00e4rung"},"content":{"rendered":"\t\t<div data-elementor-type=\"wp-page\" data-elementor-id=\"2021\" class=\"elementor elementor-2021\" data-elementor-post-type=\"page\">\n\t\t\t\t<div class=\"elementor-element elementor-element-0c21931 e-con-full e-flex e-con e-parent\" data-id=\"0c21931\" data-element_type=\"container\" data-e-type=\"container\">\n\t\t<div class=\"elementor-element elementor-element-6910da3 e-con-full e-flex e-con e-child\" data-id=\"6910da3\" data-element_type=\"container\" data-e-type=\"container\">\n\t\t\t\t<div class=\"elementor-element elementor-element-40aef44 elementor-widget elementor-widget-heading\" data-id=\"40aef44\" data-element_type=\"widget\" data-e-type=\"widget\" data-widget_type=\"heading.default\">\n\t\t\t\t<div class=\"elementor-widget-container\">\n\t\t\t\t\t<h2 class=\"elementor-heading-title elementor-size-default\">Datenschutzerkl\u00e4rung<\/h2>\t\t\t\t<\/div>\n\t\t\t\t<\/div>\n\t\t\t\t<\/div>\n\t\t<div class=\"elementor-element elementor-element-bd8017f e-con-full e-flex e-con e-child\" data-id=\"bd8017f\" data-element_type=\"container\" data-e-type=\"container\">\n\t\t\t\t<\/div>\n\t\t\t\t<\/div>\n\t\t<div class=\"elementor-element elementor-element-9842b1e e-flex e-con-boxed e-con e-parent\" data-id=\"9842b1e\" data-element_type=\"container\" data-e-type=\"container\">\n\t\t\t\t\t<div class=\"e-con-inner\">\n\t\t<div class=\"elementor-element elementor-element-bb4fc40 e-con-full e-flex e-con e-child\" data-id=\"bb4fc40\" data-element_type=\"container\" data-e-type=\"container\">\n\t\t\t\t<div class=\"elementor-element elementor-element-5f66c8f elementor-widget elementor-widget-text-editor\" data-id=\"5f66c8f\" data-element_type=\"widget\" data-e-type=\"widget\" data-widget_type=\"text-editor.default\">\n\t\t\t\t<div class=\"elementor-widget-container\">\n\t\t\t\t\t\t\t\t\t<p><b>Name und Kontaktdaten der f\u00fcr die Verarbeitung Verantwortlichen sowie der betrieblichen Datenschutzbeauftragten<\/b><\/p><p><span style=\"font-weight: 400;\">Verantwortliche: Unkraut Kollektiv Gemeinn\u00fctzigkeit e.V., Karl-Marx-Str. 17, 12043 Berlin, mail@unkraut.berlin<\/span><\/p><p><span style=\"font-weight: 400;\">Die Datenschutzbeauftragte des Unkraut Kollektivs ist unter der oben genannten Anschrift, beziehungsweise unter <\/span><a href=\"mailto:mail@unkraut.berlin\"><span style=\"font-weight: 400;\">mail@unkraut.berlin<\/span><\/a> <span style=\"font-weight: 400;\">erreichbar.<\/span><\/p><p><b>Erhebung und Speicherung personenbezogener Daten sowie Art und Zweck von deren Verwendung<\/b><\/p><p><span style=\"font-weight: 400;\">Beim Aufrufen unserer Website www.https:\/\/unkraut.berlin\/ werden durch den auf Ihrem Endger\u00e4t zum Einsatz kommenden Browser automatisch Informationen an den Server unserer Website gesendet. Diese Informationen werden tempor\u00e4r in einem sog. Logfile gespeichert. Folgende Informationen werden dabei ohne Ihr Zutun erfasst und bis zur automatisierten L\u00f6schung gespeichert:<\/span><\/p><ul><li style=\"font-weight: 400;\" aria-level=\"1\"><p><span style=\"font-weight: 400;\">IP-Adresse des anfragenden Rechners,<\/span><\/p><\/li><li style=\"font-weight: 400;\" aria-level=\"1\"><p><span style=\"font-weight: 400;\">Datum und Uhrzeit des Zugriffs,<\/span><\/p><\/li><li style=\"font-weight: 400;\" aria-level=\"1\"><p><span style=\"font-weight: 400;\">Name und URL der abgerufenen Datei,<\/span><\/p><\/li><li style=\"font-weight: 400;\" aria-level=\"1\"><p><span style=\"font-weight: 400;\">Website, von der aus der Zugriff erfolgt (Referrer-URL),<\/span><\/p><\/li><li style=\"font-weight: 400;\" aria-level=\"1\"><p><span style=\"font-weight: 400;\">verwendeter Browser und ggf. das Betriebssystem Ihres Rechners sowie der Name Ihres Access-Providers.<\/span><\/p><\/li><\/ul><p><span style=\"font-weight: 400;\">Die genannten Daten werden durch uns zu folgenden Zwecken verarbeitet:<\/span><\/p><ul><li style=\"font-weight: 400;\" aria-level=\"1\"><p><span style=\"font-weight: 400;\">Gew\u00e4hrleistung eines reibungslosen Verbindungsaufbaus der Website,<\/span><\/p><\/li><li style=\"font-weight: 400;\" aria-level=\"1\"><p><span style=\"font-weight: 400;\">Gew\u00e4hrleistung einer komfortablen Nutzung unserer Website,<\/span><\/p><\/li><li style=\"font-weight: 400;\" aria-level=\"1\"><p><span style=\"font-weight: 400;\">Auswertung der Systemsicherheit und -stabilit\u00e4t sowie<\/span><\/p><\/li><li style=\"font-weight: 400;\" aria-level=\"1\"><p><span style=\"font-weight: 400;\">zu weiteren administrativen Zwecken.<\/span><\/p><\/li><\/ul><p><span style=\"font-weight: 400;\">Die Rechtsgrundlage f\u00fcr die Datenverarbeitung ist Art. 6 Abs. 1 S. 1 lit. f DSGVO. Unser berechtigtes Interesse folgt aus oben aufgelisteten Zwecken zur Datenerhebung. In keinem Fall verwenden wir die erhobenen Daten zu dem Zweck, R\u00fcckschl\u00fcsse auf Ihre Person zu ziehen.<\/span><\/p><p><span style=\"font-weight: 400;\">Dar\u00fcber hinaus setzen wir beim Besuch unserer Website Cookies sowie Analysedienste ein. N\u00e4here Erl\u00e4uterungen dazu erhalten Sie unter den Ziff. 4 und 5 dieser Datenschutzerkl\u00e4rung.<\/span><\/p><p><b>Nutzung unseres Kontaktformulars<\/b><\/p><p><span style=\"font-weight: 400;\">Bei Fragen jeglicher Art bieten wir Ihnen die M\u00f6glichkeit, mit uns \u00fcber das auf der Website bereitgestellte Formular (<\/span><a href=\"https:\/\/unkraut.berlin\/?page_id=1041\"><span style=\"font-weight: 400;\">https:\/\/unkraut.berlin\/?page_id=1041<\/span><\/a><span style=\"font-weight: 400;\">) Kontakt aufzunehmen. Dabei ist die Angabe einer g\u00fcltigen E-Mail-Adresse erforderlich, damit wir wissen, von wem die Anfrage stammt und um diese beantworten zu k\u00f6nnen. Weitere Angaben k\u00f6nnen freiwillig get\u00e4tigt werden.<\/span><\/p><p><span style=\"font-weight: 400;\">Die Datenverarbeitung zum Zwecke der Kontaktaufnahme mit uns erfolgt nach Art. 6 Abs. 1 S. 1 lit. a DSGVO auf Grundlage Ihrer freiwillig erteilten Einwilligung.<\/span><\/p><p><span style=\"font-weight: 400;\">Die f\u00fcr die Benutzung des Kontaktformulars von uns erhobenen personenbezogenen Daten werden nach Erledigung der von Ihnen gestellten Anfrage gel\u00f6scht.<\/span><\/p><p><b>Weitergabe von Daten<\/b><\/p><p><span style=\"font-weight: 400;\">Eine \u00dcbermittlung Ihrer pers\u00f6nlichen Daten an Dritte zu anderen als den im Folgenden aufgef\u00fchrten Zwecken findet nicht statt.<\/span><\/p><p><span style=\"font-weight: 400;\">Wir geben Ihre pers\u00f6nlichen Daten nur an Dritte weiter, wenn:<\/span><\/p><ul><li style=\"font-weight: 400;\" aria-level=\"1\"><p><span style=\"font-weight: 400;\">Sie Ihre nach Art.\u202f6 Abs.\u202f1 S.\u202f1 lit.\u202fa DSGVO ausdr\u00fcckliche Einwilligung dazu erteilt haben,<\/span><\/p><\/li><li style=\"font-weight: 400;\" aria-level=\"1\"><p><span style=\"font-weight: 400;\">die Weitergabe nach Art.\u202f6 Abs.\u202f1 S.\u202f1 lit.\u202ff DSGVO zur Geltendmachung, Aus\u00fcbung oder Verteidigung von Rechtsanspr\u00fcchen erforderlich ist und kein Grund zur Annahme besteht, dass Sie ein \u00fcberwiegendes schutzw\u00fcrdiges Interesse an der Nichtweitergabe Ihrer Daten haben,<\/span><\/p><\/li><li style=\"font-weight: 400;\" aria-level=\"1\"><p><span style=\"font-weight: 400;\">f\u00fcr den Fall, dass f\u00fcr die Weitergabe nach Art.\u202f6 Abs.\u202f1 S.\u202f1 lit.\u202fc DSGVO eine gesetzliche Verpflichtung besteht,<\/span><\/p><\/li><li style=\"font-weight: 400;\" aria-level=\"1\"><p><span style=\"font-weight: 400;\">dies gesetzlich zul\u00e4ssig und nach Art.\u202f6 Abs.\u202f1 S.\u202f1 lit.\u202fb DSGVO f\u00fcr die Abwicklung von Vertragsverh\u00e4ltnissen mit Ihnen erforderlich ist, sowie<\/span><\/p><\/li><li style=\"font-weight: 400;\" aria-level=\"1\"><p><span style=\"font-weight: 400;\">es nach Art.\u202f6 Abs.\u202f1 S.\u202f1 lit.\u202ff DSGVO zur Durchf\u00fchrung wissenschaftlicher Forschung erforderlich ist und kein Grund zur Annahme besteht, dass Ihr schutzw\u00fcrdiges Interesse an dem Ausschluss der Verarbeitung oder Nutzung \u00fcberwiegt.<\/span><\/p><\/li><\/ul><p><b>Cookies<\/b><\/p><p><span style=\"font-weight: 400;\">Wir setzen auf unserer Seite Cookies ein. Hierbei handelt es sich um kleine Dateien, die Ihr Browser automatisch erstellt und die auf Ihrem Endger\u00e4t (Laptop, Tablet, Smartphone o.\u00e4.) gespeichert werden, wenn Sie unsere Seite besuchen. Cookies richten auf Ihrem Endger\u00e4t keinen Schaden an, enthalten keine Viren, Trojaner oder sonstige Schadsoftware.<\/span><\/p><p><span style=\"font-weight: 400;\">In dem Cookie werden Informationen abgelegt, die sich jeweils im Zusammenhang mit dem spezifisch eingesetzten Endger\u00e4t ergeben. Dies bedeutet jedoch nicht, dass wir dadurch unmittelbar Kenntnis von Ihrer Identit\u00e4t erhalten.<\/span><\/p><p><span style=\"font-weight: 400;\">Der Einsatz von Cookies dient einerseits dazu, die Nutzung unseres Angebots f\u00fcr Sie angenehmer zu gestalten. So setzen wir sogenannte Session-Cookies ein, um zu erkennen, dass Sie einzelne Seiten unserer Website bereits besucht haben. Diese werden nach Verlassen unserer Seite automatisch gel\u00f6scht.<\/span><\/p><p><span style=\"font-weight: 400;\">Dar\u00fcber hinaus setzen wir ebenfalls zur Optimierung der Benutzerfreundlichkeit tempor\u00e4re Cookies ein, die f\u00fcr einen bestimmten festgelegten Zeitraum auf Ihrem Endger\u00e4t gespeichert werden. Besuchen Sie unsere Seite erneut, um unsere Dienste in Anspruch zu nehmen, wird automatisch erkannt, dass Sie bereits bei uns waren und welche Eingaben und Einstellungen sie get\u00e4tigt haben, um diese nicht noch einmal eingeben zu m\u00fcssen.<\/span><\/p><p><span style=\"font-weight: 400;\">Zum anderen setzten wir Cookies ein, um die Nutzung unserer Website statistisch zu erfassen und zum Zwecke der Optimierung unseres Angebotes f\u00fcr Sie auszuwerten (siehe Ziff. 5). Diese Cookies erm\u00f6glichen es uns, bei einem erneuten Besuch unserer Seite automatisch zu erkennen, dass Sie bereits bei uns waren. Diese Cookies werden nach einer jeweils definierten Zeit automatisch gel\u00f6scht.<\/span><\/p><p><span style=\"font-weight: 400;\">Die durch Cookies verarbeiteten Daten sind f\u00fcr die genannten Zwecke zur Wahrung unserer berechtigten Interessen sowie der Dritter nach Art. 6 Abs. 1 S. 1 lit. f DSGVO erforderlich.<\/span><\/p><p><span style=\"font-weight: 400;\">Die meisten Browser akzeptieren Cookies automatisch. Sie k\u00f6nnen Ihren Browser jedoch so konfigurieren, dass keine Cookies auf Ihrem Computer gespeichert werden oder stets ein Hinweis erscheint, bevor ein neues Cookie angelegt wird. Die vollst\u00e4ndige Deaktivierung von Cookies kann jedoch dazu f\u00fchren, dass Sie nicht alle Funktionen unserer Website nutzen k\u00f6nnen.<\/span><\/p><p><b>Onlinepr\u00e4senzen in sozialen Medien<\/b><\/p><p><span style=\"font-weight: 400;\">Wir unterhalten Onlinepr\u00e4senzen innerhalb sozialer Netzwerke und Plattformen, um mit den dort aktiven Nutzenden kommunizieren und sie dort \u00fcber unsere Leistungen informieren zu k\u00f6nnen.<\/span><\/p><p><span style=\"font-weight: 400;\">Wir weisen darauf hin, dass dabei Daten der Nutzenden au\u00dferhalb des Raumes der Europ\u00e4ischen Union verarbeitet werden k\u00f6nnen. Hierdurch k\u00f6nnen sich f\u00fcr die Nutzenden Risiken ergeben, weil so z.B. die Durchsetzung der Rechte der Nutzenden erschwert werden k\u00f6nnte.<\/span><\/p><p><span style=\"font-weight: 400;\">Ferner werden die Daten der Nutzenden im Regelfall f\u00fcr Marktforschungs- und Werbezwecke verarbeitet. So k\u00f6nnen z.B. aus dem Nutzungsverhalten und sich daraus ergebenden Interessen der Nutzenden Nutzungsprofile erstellt werden. Die Nutzungsprofile k\u00f6nnen wiederum verwendet werden, um z.B. Werbeanzeigen innerhalb und au\u00dferhalb der Plattformen zu schalten, die mutma\u00dflich den Interessen der Nutzenden entsprechen. Zu diesen Zwecken werden im Regelfall Cookies auf den Rechnern der Nutzenden gespeichert, in denen das Nutzungsverhalten und die Interessen der Nutzenden gespeichert werden. Ferner k\u00f6nnen in den Nutzungsprofilen auch Daten unabh\u00e4ngig der von den Nutzenden verwendeten Ger\u00e4te gespeichert werden (insbesondere, wenn die Nutzenden Mitglieder der jeweiligen Plattformen sind und bei diesen eingeloggt sind).<\/span><\/p><p><span style=\"font-weight: 400;\">Die Verarbeitung der personenbezogenen Daten der Nutzenden erfolgt auf Grundlage unserer berechtigten Interessen an einer effektiven Information der Nutzenden und Kommunikation mit den Nutzenden gem. Art. 6 Abs. 1 lit. f. DSGVO. Falls die Nutzenden von den jeweiligen Anbietern der Plattformen um eine Einwilligung in die vorbeschriebene Datenverarbeitung gebeten werden, ist die Rechtsgrundlage der Verarbeitung Art. 6 Abs. 1 lit. a., Art. 7 DSGVO.<\/span><\/p><p><span style=\"font-weight: 400;\">Im Fall von Auskunftsanfragen und der Geltendmachung von Betroffenenrechten weisen wir darauf hin, dass diese am effektivsten bei den Anbieter*innen geltend gemacht werden k\u00f6nnen. Nur die Anbieter*innen haben jeweils Zugriff auf die Daten der Nutzenden und k\u00f6nnen direkt entsprechende Ma\u00dfnahmen ergreifen und Ausk\u00fcnfte geben. Sollten Sie dennoch Hilfe ben\u00f6tigen, dann k\u00f6nnen Sie sich an uns wenden.<\/span><\/p><p><span style=\"font-weight: 400;\">F\u00fcr eine detaillierte Darstellung der jeweiligen Verarbeitungen und der Widerspruchsm\u00f6glichkeiten (Opt-Out), verweisen wir auf die nachfolgend verlinkten Angaben der Anbieter.<\/span><\/p><ul><li style=\"font-weight: 400;\" aria-level=\"1\"><p><span style=\"font-weight: 400;\">Instagram: Soziales Netzwerk; Dienstanbieter: Instagram Inc., 1601 Willow Road, Menlo Park, CA, 94025, USA; Website:\u202f<\/span><a href=\"https:\/\/www.instagram.com\/\"><span style=\"font-weight: 400;\">https:\/\/www.instagram.com<\/span><\/a><span style=\"font-weight: 400;\">; Datenschutzerkl\u00e4rung:\u202f<\/span><a href=\"https:\/\/instagram.com\/about\/legal\/privacy\"><span style=\"font-weight: 400;\">https:\/\/instagram.com\/about\/legal\/privacy<\/span><\/a><span style=\"font-weight: 400;\">; Opt-Out: <\/span><a href=\"https:\/\/help.instagram.com\/196883487377501\/?hel-\"><span style=\"font-weight: 400;\">https:\/\/help.instagram.com\/196883487377501\/?hel-<\/span><\/a><span style=\"font-weight: 400;\">.<\/span><\/p><\/li><li style=\"font-weight: 400;\" aria-level=\"1\"><p><span style=\"font-weight: 400;\">LinkedIn: Soziales Netzwerk; Dienstanbieter: LinkedIn Ireland Unlimited Company, Wilton Place, Dublin 2, Irland; Webseite:\u202f<\/span><a href=\"https:\/\/www.linkedin.com\/\"><span style=\"font-weight: 400;\">https:\/\/www.linkedin.com<\/span><\/a><span style=\"font-weight: 400;\">; Datenschutzerkl\u00e4rung:\u202f<\/span><a href=\"https:\/\/www.linkedin.com\/legal\/privacy-policy\"><span style=\"font-weight: 400;\">https:\/\/www.linkedin.com\/legal\/privacy-policy<\/span><\/a><span style=\"font-weight: 400;\">; Opt-Out:\u202f<\/span><a href=\"https:\/\/www.linkedin.com\/psettings\/guest-controls\/retargeting-opt-out\"><span style=\"font-weight: 400;\">https:\/\/www.linkedin.com\/psettings\/guest-controls\/retargeting-opt-out<\/span><\/a><span style=\"font-weight: 400;\">.<\/span><\/p><\/li><\/ul><p><b>Betroffenenrechte<\/b><\/p><p><span style=\"font-weight: 400;\">Sie haben das Recht:<\/span><\/p><ul><li style=\"font-weight: 400;\" aria-level=\"1\"><p><span style=\"font-weight: 400;\">gem\u00e4\u00df Art. 15 Abs. 1 DSGVO Auskunft \u00fcber Ihre von uns verarbeiteten personenbezogenen Daten zu verlangen. Insbesondere k\u00f6nnen Sie Auskunft \u00fcber die Verarbeitungszwecke, die Kategorie der personenbezogenen Daten, die Kategorien von Empf\u00e4nger*innen, gegen\u00fcber denen Ihre Daten offengelegt wurden oder werden, die geplante Speicherdauer, das Bestehen eines Rechts auf Berichtigung, L\u00f6schung, Einschr\u00e4nkung der Verarbeitung oder Widerspruch, das Bestehen eines Beschwerderechts, die Herkunft ihrer Daten, sofern diese nicht bei uns erhoben wurden, sowie \u00fcber das Bestehen einer automatisierten Entscheidungsfindung einschlie\u00dflich Profiling und ggf. aussagekr\u00e4ftigen Informationen zu deren Einzelheiten verlangen;<\/span><\/p><\/li><li style=\"font-weight: 400;\" aria-level=\"1\"><p><span style=\"font-weight: 400;\">gem\u00e4\u00df Art. 16 DSGVO unverz\u00fcglich die Berichtigung unrichtiger oder Vervollst\u00e4ndigung Ihrer bei uns gespeicherten personenbezogenen Daten zu verlangen;<\/span><\/p><\/li><li style=\"font-weight: 400;\" aria-level=\"1\"><p><span style=\"font-weight: 400;\">gem\u00e4\u00df Art. 17 Abs. 1 DSGVO die L\u00f6schung Ihrer bei uns gespeicherten personenbezogenen Daten zu verlangen, soweit nicht die Verarbeitung zur Aus\u00fcbung des Rechts auf freie Meinungs\u00e4u\u00dferung und Information, zur Erf\u00fcllung einer rechtlichen Verpflichtung, aus Gr\u00fcnden des \u00f6ffentlichen Interesses oder zur Geltendmachung, Aus\u00fcbung oder Verteidigung von Rechtsanspr\u00fcchen erforderlich ist;<\/span><\/p><\/li><li style=\"font-weight: 400;\" aria-level=\"1\"><p><span style=\"font-weight: 400;\">gem\u00e4\u00df Art. 18 Abs. 1 DSGVO die Einschr\u00e4nkung der Verarbeitung Ihrer personenbezogenen Daten zu verlangen, soweit die Richtigkeit der Daten von Ihnen bestritten wird, die Verarbeitung unrechtm\u00e4\u00dfig ist, Sie aber deren L\u00f6schung ablehnen und wir die Daten nicht mehr ben\u00f6tigen, Sie jedoch diese zur Geltendmachung, Aus\u00fcbung oder Verteidigung von Rechtsanspr\u00fcchen ben\u00f6tigen oder Sie gem\u00e4\u00df Art. 21 DSGVO Widerspruch gegen die Verarbeitung eingelegt haben;<\/span><\/p><\/li><li style=\"font-weight: 400;\" aria-level=\"1\"><p><span style=\"font-weight: 400;\">gem\u00e4\u00df Art. 20 Abs. 1 DSGVO Ihre personenbezogenen Daten, die Sie uns bereitgestellt haben, in einem strukturierten, g\u00e4ngigen und maschinenlesebaren Format zu erhalten oder die \u00dcbermittlung an eine*n andere*n Verantwortliche*n zu verlangen;<\/span><\/p><\/li><li style=\"font-weight: 400;\" aria-level=\"1\"><p><span style=\"font-weight: 400;\">gem\u00e4\u00df Art. 7 Abs. 3 DSGVO Ihre einmal erteilte Einwilligung jederzeit gegen\u00fcber uns zu widerrufen. Dies hat zur Folge, dass wir die Datenverarbeitung, die auf dieser Einwilligung beruhte, f\u00fcr die Zukunft nicht mehr fortf\u00fchren d\u00fcrfen und<\/span><\/p><\/li><li style=\"font-weight: 400;\" aria-level=\"1\"><p><span style=\"font-weight: 400;\">gem\u00e4\u00df Art. 77 Abs. 1 DSGVO sich bei einer Aufsichtsbeh\u00f6rde zu beschweren. In der Regel k\u00f6nnen Sie sich hierf\u00fcr an die Aufsichtsbeh\u00f6rde Ihres \u00fcblichen Aufenthaltsortes oder Arbeitsplatzes oder unseres Unternehmenssitzes wenden.<\/span><\/p><\/li><\/ul><p><b>Widerspruchsrecht<\/b><\/p><p><span style=\"font-weight: 400;\">Sofern Ihre personenbezogenen Daten auf Grundlage von berechtigten Interessen gem\u00e4\u00df Art. 6 Abs. 1 S. 1 lit. f DSGVO verarbeitet werden, haben Sie das Recht, gem\u00e4\u00df Art. 21 DSGVO Widerspruch gegen die Verarbeitung Ihrer personenbezogenen Daten einzulegen, soweit daf\u00fcr Gr\u00fcnde vorliegen, die sich aus Ihrer besonderen Situation ergeben oder sich der Widerspruch gegen Direktwerbung richtet. Im letzteren Fall haben Sie ein generelles Widerspruchsrecht, das ohne Angabe einer besonderen Situation von uns umgesetzt wird.<\/span><\/p><p><span style=\"font-weight: 400;\">M\u00f6chten Sie von Ihrem Widerrufs- oder Widerspruchsrecht Gebrauch machen, gen\u00fcgt eine E-Mail an: <\/span><span style=\"font-weight: 400;\">mail@unkraut.berlin<\/span><\/p><p><span style=\"font-weight: 400;\">\u00a0<\/span><b>Datensicherheit<\/b><\/p><p><span style=\"font-weight: 400;\">Wir verwenden innerhalb des Website-Besuchs das verbreitete SSL-Verfahren (Secure Socket Layer) in Verbindung mit der jeweils h\u00f6chsten Verschl\u00fcsselungsstufe, die von Ihrem Browser unterst\u00fctzt wird. In der Regel handelt es sich dabei um eine 256 Bit Verschl\u00fcsselung. Falls Ihr Browser keine 256-Bit Verschl\u00fcsselung unterst\u00fctzt, greifen wir stattdessen auf 128-Bit v3 Technologie zur\u00fcck. Ob eine einzelne Seite unseres Internetauftrittes verschl\u00fcsselt \u00fcbertragen wird, erkennen Sie an der geschlossenen Darstellung des Sch\u00fcssel- beziehungsweise Schloss-Symbols in der unteren Statusleiste Ihres Browsers.<\/span><\/p><p><span style=\"font-weight: 400;\">Wir bedienen uns im \u00dcbrigen geeigneter technischer und organisatorischer Sicherheitsma\u00dfnahmen, um Ihre Daten gegen zuf\u00e4llige oder vors\u00e4tzliche Manipulationen, teilweisen oder vollst\u00e4ndigen Verlust, Zerst\u00f6rung oder gegen den unbefugten Zugriff Dritter zu sch\u00fctzen. Unsere Sicherheitsma\u00dfnahmen werden entsprechend der technologischen Entwicklung fortlaufend verbessert.<\/span><\/p><p><b>Aktualit\u00e4t und \u00c4nderung dieser Datenschutzerkl\u00e4rung<\/b><\/p><p><span style=\"font-weight: 400;\">Diese Datenschutzerkl\u00e4rung ist aktuell g\u00fcltig und hat den Stand M\u00e4rz 2025.<\/span><\/p><p><span style=\"font-weight: 400;\">Durch die Weiterentwicklung unserer Website und Angebote dar\u00fcber oder aufgrund ge\u00e4nderter gesetzlicher beziehungsweise beh\u00f6rdlicher Vorgaben kann es notwendig werden, diese Datenschutzerkl\u00e4rung zu \u00e4ndern. Die jeweils aktuelle Datenschutzerkl\u00e4rung kann jederzeit auf der Website unter\u202fwww.unkraut.berlin\/datenschutz\u202fvon Ihnen abgerufen und ausgedruckt werden.<\/span><\/p>\t\t\t\t\t\t\t\t<\/div>\n\t\t\t\t<\/div>\n\t\t\t\t<\/div>\n\t\t\t\t\t<\/div>\n\t\t\t\t<\/div>\n\t\t<div class=\"elementor-element elementor-element-d5f294a elementor-hidden-desktop elementor-hidden-tablet elementor-hidden-mobile e-flex e-con-boxed e-con e-parent\" data-id=\"d5f294a\" data-element_type=\"container\" data-e-type=\"container\">\n\t\t\t\t\t<div class=\"e-con-inner\">\n\t\t<div class=\"elementor-element elementor-element-2667d1f e-con-full e-flex e-con e-child\" data-id=\"2667d1f\" data-element_type=\"container\" data-e-type=\"container\">\n\t\t\t\t<div class=\"elementor-element elementor-element-f6dc653 elementor-widget elementor-widget-heading\" data-id=\"f6dc653\" data-element_type=\"widget\" data-e-type=\"widget\" data-widget_type=\"heading.default\">\n\t\t\t\t<div class=\"elementor-widget-container\">\n\t\t\t\t\t<h2 class=\"elementor-heading-title elementor-size-default\">projects promoting this category\u200b<\/h2>\t\t\t\t<\/div>\n\t\t\t\t<\/div>\n\t\t\t\t<\/div>\n\t\t<div class=\"elementor-element elementor-element-c97f2f1 e-con-full e-flex e-con e-child\" data-id=\"c97f2f1\" data-element_type=\"container\" data-e-type=\"container\">\n\t\t\t\t<\/div>\n\t\t\t\t\t<\/div>\n\t\t\t\t<\/div>\n\t\t\t\t<\/div>\n\t\t","protected":false},"excerpt":{"rendered":"<p>Datenschutzerkl\u00e4rung Name und Kontaktdaten der f\u00fcr die Verarbeitung Verantwortlichen sowie der betrieblichen Datenschutzbeauftragten Verantwortliche: Unkraut Kollektiv Gemeinn\u00fctzigkeit e.V., Karl-Marx-Str. 17, 12043 Berlin, mail@unkraut.berlin Die Datenschutzbeauftragte des Unkraut Kollektivs ist unter [&hellip;]<\/p>\n","protected":false},"author":1,"featured_media":0,"parent":0,"menu_order":0,"comment_status":"closed","ping_status":"closed","template":"","meta":{"footnotes":""},"class_list":["post-2021","page","type-page","status-publish","hentry"],"acf":[],"_links":{"self":[{"href":"https:\/\/unkraut.berlin\/index.php?rest_route=\/wp\/v2\/pages\/2021","targetHints":{"allow":["GET"]}}],"collection":[{"href":"https:\/\/unkraut.berlin\/index.php?rest_route=\/wp\/v2\/pages"}],"about":[{"href":"https:\/\/unkraut.berlin\/index.php?rest_route=\/wp\/v2\/types\/page"}],"author":[{"embeddable":true,"href":"https:\/\/unkraut.berlin\/index.php?rest_route=\/wp\/v2\/users\/1"}],"replies":[{"embeddable":true,"href":"https:\/\/unkraut.berlin\/index.php?rest_route=%2Fwp%2Fv2%2Fcomments&post=2021"}],"version-history":[{"count":22,"href":"https:\/\/unkraut.berlin\/index.php?rest_route=\/wp\/v2\/pages\/2021\/revisions"}],"predecessor-version":[{"id":2060,"href":"https:\/\/unkraut.berlin\/index.php?rest_route=\/wp\/v2\/pages\/2021\/revisions\/2060"}],"wp:attachment":[{"href":"https:\/\/unkraut.berlin\/index.php?rest_route=%2Fwp%2Fv2%2Fmedia&parent=2021"}],"curies":[{"name":"wp","href":"https:\/\/api.w.org\/{rel}","templated":true}]}}